{"id":54,"date":"2012-11-19T03:10:08","date_gmt":"2012-11-19T03:10:08","guid":{"rendered":"http:\/\/www.aipdlivorno.org\/aipd\/?page_id=54"},"modified":"2012-12-17T18:24:47","modified_gmt":"2012-12-17T17:24:47","slug":"organi-direttivi","status":"publish","type":"page","link":"https:\/\/www.aipdlivorno.org\/aipd\/?page_id=54","title":{"rendered":"Organi sociali"},"content":{"rendered":"<h3>Assemblea dei soci<\/h3>\n<p>L&#8217;Assemblea dei soci dell&#8217;AIPD Sezione Livorno si riunisce una volta l&#8217;anno e ha il compito di deliberare su tutte le questioni importanti per la vita associativa tra le quali la nomina del Consiglio di Amministrazione (CDA), le variazioni statutarie, la revisione della quota associativa. Durante la riunione annuale il consiglio di amministrazione presenta i risultati conseguiti nell&#8217;anno e il programma di attivit\u00e0 future.<\/p>\n<h3>Consiglio di amministrazione<\/h3>\n<p>Il Consiglio di Amministrazione ha il compito di gestire le attivit\u00e0 e i servizi dell&#8217;Associazione nonch\u00e9 la struttura &#8220;Parco del Mulino&#8221;. Il Consiglio di Amministrazione \u00e8 in carica dal 2011 ed \u00e8 composto da:<\/p>\n<table width=\"100%\">\n<tbody>\n<tr>\n<td valign=\"top\" width=\"5%\"><\/td>\n<td valign=\"top\">Presidente<\/td>\n<td valign=\"top\">Daniele Tornar<\/td>\n<\/tr>\n<tr>\n<td valign=\"top\" width=\"5%\"><\/td>\n<td valign=\"top\">Vice Presidente<\/td>\n<td valign=\"top\">Pietro Ciampi<\/td>\n<\/tr>\n<tr>\n<td valign=\"top\" width=\"5%\"><\/td>\n<td valign=\"top\">Consiglieri<\/td>\n<td valign=\"top\">Anna Baia, Samantha Ciampi, Stefania Farina, Gianluca Neri, Massimo Zallocco<\/td>\n<\/tr>\n<tr>\n<td valign=\"top\" width=\"5%\"><\/td>\n<td valign=\"top\">Tesoriere<\/td>\n<td valign=\"top\">Cinzia Stefanini<\/td>\n<\/tr>\n<tr>\n<td valign=\"top\" width=\"5%\"><\/td>\n<td valign=\"top\">Revisore dei conti<\/td>\n<td valign=\"top\">Dr Commercialista Fantoni<\/td>\n<\/tr>\n<tr>\n<td valign=\"top\" width=\"5%\"><\/td>\n<td valign=\"top\">Soci Benemeriti<\/td>\n<td valign=\"top\">Alfio Baldi,Alessandro Cosimi,Luciano Barsotti,Cinzia Genovesi,Anthony De Stefani, Margherita Pia, Cinzia Stefanini,Carlo Carnesecchi<\/td>\n<\/tr>\n<\/tbody>\n<\/table>\n<h3>Comitato scientifico<\/h3>\n<p>Il Comitato Scientifico affianca il Consiglio di Amministrazione ed \u00e8 il punto di riferimento e guida nelle scelte strategiche e nella indicazione direzioni future. \u00a0Il\u00a0Comitato Scientifico \u00e8 stato nominato nell&#8217;Assemblea dei soci del 2010 e ne fanno parte:<\/p>\n<table width=\"100%\">\n<tbody>\n<tr>\n<td valign=\"top\" width=\"5%\"><\/td>\n<td valign=\"top\" width=\"30%\">\u00a0Dr.ssa Stefania Bargagna<\/td>\n<td valign=\"top\">Direttrice Neuropsichiatria Infantile Resp. UFSMIA<\/td>\n<\/tr>\n<tr>\n<td valign=\"top\" width=\"5%\"><\/td>\n<td valign=\"top\" width=\"30%\">\u00a0Avv. Luciano Barsotti<\/td>\n<td valign=\"top\">Presidente Fondazione Cassa di Risparmio di Livorno<\/td>\n<\/tr>\n<tr>\n<td valign=\"top\" width=\"5%\"><\/td>\n<td valign=\"top\" width=\"30%\">\u00a0Dr. Carlo Carnesecchi<\/td>\n<td valign=\"top\">Responsabile Progetto Assistenza alle Persone S.D. ASL6<\/td>\n<\/tr>\n<tr>\n<td valign=\"top\" width=\"5%\"><\/td>\n<td valign=\"top\" width=\"30%\">\u00a0Dr.ssa Anna Contardi<\/td>\n<td valign=\"top\">Coordinatrice AIPD Nazionale<\/td>\n<\/tr>\n<tr>\n<td valign=\"top\" width=\"5%\"><\/td>\n<td valign=\"top\" width=\"30%\">\u00a0Avv. Cinzia Genovesi<\/td>\n<td valign=\"top\">Presidente dell&#8217;Osservatorio Nazionale sul Diritto di Famiglia e delle Persone per la \u00a0 Regione Toscana<\/td>\n<\/tr>\n<tr>\n<td valign=\"top\" width=\"5%\"><\/td>\n<td valign=\"top\" width=\"30%\">\u00a0Dr. Edoardo Micheletti<\/td>\n<td valign=\"top\">Direttore UO Pediatria ASL6 di Livorno<\/td>\n<\/tr>\n<tr>\n<td valign=\"top\" width=\"5%\"><\/td>\n<td valign=\"top\" width=\"30%\">\u00a0Dr.ssa Margherita Pia<\/td>\n<td valign=\"top\">Assessore Politiche di Programmazione Comune di Rosignano<\/td>\n<\/tr>\n<tr>\n<td valign=\"top\" width=\"5%\"><\/td>\n<td valign=\"top\" width=\"30%\">\u00a0Dr.ssa Enrica Pietracaprina<\/td>\n<td valign=\"top\">Responsabile Programmazione Sanitaria del Comune di Livorno<\/td>\n<\/tr>\n<tr>\n<td valign=\"top\" width=\"5%\"><\/td>\n<td valign=\"top\" width=\"30%\">\u00a0Dr. Mario Serrano<\/td>\n<td valign=\"top\">Direttore Dipartimento di Salute Mentale ASL6 di Livorno<\/td>\n<\/tr>\n<tr>\n<td valign=\"top\" width=\"5%\"><\/td>\n<td valign=\"top\" width=\"30%\">\u00a0Dr. Daniele Tornar<\/td>\n<td valign=\"top\">Presidente AIPD Sezione di Livorno<\/td>\n<\/tr>\n<\/tbody>\n<\/table>\n<p>&nbsp;<\/p>\n","protected":false},"excerpt":{"rendered":"<p>Assemblea dei soci L&#8217;Assemblea dei soci dell&#8217;AIPD Sezione Livorno si riunisce una volta l&#8217;anno e ha il compito di deliberare su tutte le questioni importanti per la vita associativa tra le quali la nomina del Consiglio di Amministrazione (CDA), le&hellip;<\/p>\n","protected":false},"author":1,"featured_media":0,"parent":48,"menu_order":2,"comment_status":"open","ping_status":"open","template":"","meta":[],"_links":{"self":[{"href":"https:\/\/www.aipdlivorno.org\/aipd\/index.php?rest_route=\/wp\/v2\/pages\/54"}],"collection":[{"href":"https:\/\/www.aipdlivorno.org\/aipd\/index.php?rest_route=\/wp\/v2\/pages"}],"about":[{"href":"https:\/\/www.aipdlivorno.org\/aipd\/index.php?rest_route=\/wp\/v2\/types\/page"}],"author":[{"embeddable":true,"href":"https:\/\/www.aipdlivorno.org\/aipd\/index.php?rest_route=\/wp\/v2\/users\/1"}],"replies":[{"embeddable":true,"href":"https:\/\/www.aipdlivorno.org\/aipd\/index.php?rest_route=%2Fwp%2Fv2%2Fcomments&post=54"}],"version-history":[{"count":9,"href":"https:\/\/www.aipdlivorno.org\/aipd\/index.php?rest_route=\/wp\/v2\/pages\/54\/revisions"}],"predecessor-version":[{"id":205,"href":"https:\/\/www.aipdlivorno.org\/aipd\/index.php?rest_route=\/wp\/v2\/pages\/54\/revisions\/205"}],"up":[{"embeddable":true,"href":"https:\/\/www.aipdlivorno.org\/aipd\/index.php?rest_route=\/wp\/v2\/pages\/48"}],"wp:attachment":[{"href":"https:\/\/www.aipdlivorno.org\/aipd\/index.php?rest_route=%2Fwp%2Fv2%2Fmedia&parent=54"}],"curies":[{"name":"wp","href":"https:\/\/api.w.org\/{rel}","templated":true}]}}