{"id":56,"date":"2012-11-19T03:10:56","date_gmt":"2012-11-19T03:10:56","guid":{"rendered":"http:\/\/www.aipdlivorno.org\/aipd\/?page_id=56"},"modified":"2012-11-19T12:25:37","modified_gmt":"2012-11-19T11:25:37","slug":"5x1000","status":"publish","type":"page","link":"https:\/\/www.aipdlivorno.org\/aipd\/?page_id=56","title":{"rendered":"5&#215;1000"},"content":{"rendered":"<p>Anche per il 2011 la legge finanziaria prevede la possibilit\u00e0 in base alla scelta del contribuente di destinare una quota pari al 5\u00a0 per mille dell\u2019imposta sul reddito delle persone fisiche a sostegno del volontariato, delle organizzazioni non lucrative di utilit\u00e0 Sociale, delle associazioni di promozione sociale e di altre fondazioni e Associazioni riconosciute.<br \/>\nPer farlo, il contribuente dovr\u00e0 apporre la propria firma in uno dei Quattro\u00a0 riquadrati che figurano sui modelli di dichiarazione<br \/>\n(Cud 2007, 730\/1-bis 2010; UNICO persone fisiche 2010) indicando il codice fiscale dello specifico soggetto cui intende\u00a0 destinare direttamente la propria quota.<br \/>\nL\u2019<strong>\u00a0AIPD Sezione di Livorno O.N.L.U.S.<\/strong>\u00a0\u00e8 tra le associazioni iscritte nell\u2019elenco predisposto dall\u2019Agenzia delle Entrate.<br \/>\nPer devolvere il <strong><span style=\"color: #ff6600;\">5&#215;1000<\/span><\/strong> dell\u2019Irpef e sostenere cos\u00ec le nostre attivit\u00e0 e servizi sar\u00e0 necessario indicare nell\u2019apposito spazio nella prossima dichiarazione dei redditi il nostro numero di codice fiscale:<\/p>\n<div align=\"center\"><strong><strong><span style=\"font-size: 1.3em; color: #ff6600;\">AIPD sezione di Livorno<\/span><\/strong><\/strong><\/div>\n<div align=\"center\"><strong><span style=\"font-size: 1.3em; color: #ff6600;\">c.f. 930 158 405 02<\/span><\/strong><\/div>\n<p>L\u2019AIPD Sezione di Livorno O.N.L.U.S. rispondendo ai requisiti richiesti dalla normativa potr\u00e0 beneficiare di questa importante opportunit\u00e0 per riuscire a raccogliere\u00a0 i fondi necessari al completamento del \u201cPARCO DEL MULINO\u201d e attivare i progetti di formazione, autonomia e integrazione lavorativa dei nostri ragazzi.<\/p>\n","protected":false},"excerpt":{"rendered":"<p>Anche per il 2011 la legge finanziaria prevede la possibilit\u00e0 in base alla scelta del contribuente di destinare una quota pari al 5\u00a0 per mille dell\u2019imposta sul reddito delle persone fisiche a sostegno del volontariato, delle organizzazioni non lucrative di&hellip;<\/p>\n","protected":false},"author":1,"featured_media":0,"parent":48,"menu_order":3,"comment_status":"open","ping_status":"open","template":"","meta":[],"_links":{"self":[{"href":"https:\/\/www.aipdlivorno.org\/aipd\/index.php?rest_route=\/wp\/v2\/pages\/56"}],"collection":[{"href":"https:\/\/www.aipdlivorno.org\/aipd\/index.php?rest_route=\/wp\/v2\/pages"}],"about":[{"href":"https:\/\/www.aipdlivorno.org\/aipd\/index.php?rest_route=\/wp\/v2\/types\/page"}],"author":[{"embeddable":true,"href":"https:\/\/www.aipdlivorno.org\/aipd\/index.php?rest_route=\/wp\/v2\/users\/1"}],"replies":[{"embeddable":true,"href":"https:\/\/www.aipdlivorno.org\/aipd\/index.php?rest_route=%2Fwp%2Fv2%2Fcomments&post=56"}],"version-history":[{"count":7,"href":"https:\/\/www.aipdlivorno.org\/aipd\/index.php?rest_route=\/wp\/v2\/pages\/56\/revisions"}],"predecessor-version":[{"id":103,"href":"https:\/\/www.aipdlivorno.org\/aipd\/index.php?rest_route=\/wp\/v2\/pages\/56\/revisions\/103"}],"up":[{"embeddable":true,"href":"https:\/\/www.aipdlivorno.org\/aipd\/index.php?rest_route=\/wp\/v2\/pages\/48"}],"wp:attachment":[{"href":"https:\/\/www.aipdlivorno.org\/aipd\/index.php?rest_route=%2Fwp%2Fv2%2Fmedia&parent=56"}],"curies":[{"name":"wp","href":"https:\/\/api.w.org\/{rel}","templated":true}]}}