{"id":71,"date":"2012-11-19T03:18:56","date_gmt":"2012-11-19T03:18:56","guid":{"rendered":"http:\/\/www.aipdlivorno.org\/aipd\/?page_id=71"},"modified":"2012-12-06T19:18:46","modified_gmt":"2012-12-06T18:18:46","slug":"autonomia","status":"publish","type":"page","link":"https:\/\/www.aipdlivorno.org\/aipd\/?page_id=71","title":{"rendered":"Autonomia"},"content":{"rendered":"<p><a href=\"https:\/\/www.aipdlivorno.org\/aipd\/wp-content\/uploads\/2012\/11\/aipd_livorno_logo.jpg\"><img loading=\"lazy\" class=\" wp-image-160 alignright\" title=\"aipd_livorno_logo\" src=\"https:\/\/www.aipdlivorno.org\/aipd\/wp-content\/uploads\/2012\/11\/aipd_livorno_logo-300x174.jpg\" alt=\"\" width=\"180\" height=\"104\" srcset=\"https:\/\/www.aipdlivorno.org\/aipd\/wp-content\/uploads\/2012\/11\/aipd_livorno_logo-300x174.jpg 300w, https:\/\/www.aipdlivorno.org\/aipd\/wp-content\/uploads\/2012\/11\/aipd_livorno_logo-680x395.jpg 680w, https:\/\/www.aipdlivorno.org\/aipd\/wp-content\/uploads\/2012\/11\/aipd_livorno_logo-940x546.jpg 940w, https:\/\/www.aipdlivorno.org\/aipd\/wp-content\/uploads\/2012\/11\/aipd_livorno_logo.jpg 1000w\" sizes=\"(max-width: 180px) 100vw, 180px\" \/><\/a><\/p>\n<p style=\"text-align: left; font-weight: bold; font-size: 1.4em; color: black;\"><strong>Perch\u00e9 educare all\u2019autonomia<\/strong><\/p>\n<p style=\"text-align: left;\"><strong><\/strong>Tutto lo sviluppo e la crescita del bambino pu\u00f2 essere visto come un graduale passaggio dalla dipendenza verso l\u2019autonomia che diviene completa quando il bambino diviene adulto e cittadino a tutti gli effetti, soggetto e oggetto di diritti, capace di lavorare e di avere rapporti paritari con gli altri.<br \/>\nNella crescita verso l\u2019autonomia, un bambino con disabilit\u00e0 incontra due tipi di ostacoli: da una parte le difficolt\u00e0 legate al suo deficit, dall\u2019altra gli atteggiamenti di paura e le ambivalenze dell\u2019ambiente che interferiscono con il suo grado di autonomia potenziale, raggiungibile pur nella situazione di svantaggio. Spesso i genitori, ma anche la gente in genere che il bambino con disabilit\u00e0 incontra, talvolta gli stessi operatori e insegnanti, sviluppano nei suoi confronti un atteggiamento assistenziale e protettivo che ne limita l\u2019acquisizione di indipendenza.<br \/>\nSembra quasi che si voglia compensare con maggiore affetto ed atteggiamenti pi\u00f9 permissivi il disagio per il deficit o che a causa di esso il bambino venga complessivamente ritenuto incapace e quindi bisognoso di assistenza e di qualcuno che operi al posto suo in ogni occasione.<br \/>\nTra coloro che si occupano di ritardo mentale si \u00e8 fatta per\u00f2 strada in questi anni la sempre pi\u00f9 radicata convinzione dell\u2019importanza dell\u2019educazione all\u2019autonomia per lo sviluppo di una persona con handicap mentale e per il suo inserimento sociale.<br \/>\nNon sfugge a nessuno come sia pi\u00f9 facile, gi\u00e0 in scuola materna, inserire un bambino con disabilit\u00e0, se questi ha una propria autonomia nell\u2019andare in bagno o nel mangiare, se sa rispettare delle regole e come spesso la conquista di queste abilit\u00e0 sia indipendente dalle difficolt\u00e0 che egli ha su apprendimenti pi\u00f9 didattici.<br \/>\nE ancora come una buona autonomia personale sia poi, andando avanti, prerequisito fondamentale per l\u2019inserimento sociale e lavorativo di giovani e adulti con handicap mentale.<br \/>\nMolte conquiste per\u00f2, soprattutto nell\u2019ambito dell\u2019autonomia esterna, sono difficilmente raggiungibili in ambito familiare soprattutto quando tale problema viene posto in adolescenza, momento in cui i ragazzi con disabilit\u00e0, cos\u00ec come gli altri adolescenti, iniziano a manifestare desiderio di distacco dei genitori e mal sopportano le loro richieste.<br \/>\nAl tempo stesso anche per i genitori riconoscere e accettare che i loro figli stiano diventando grandi \u00e8 spesso difficile e tale processo va in qualche modo sostenuto.<br \/>\nIl tema quindi dell\u2019educazione all\u2019autonomia assume allora un particolare risalto nell\u2019et\u00e0 adolescenziale.<\/p>\n<p style=\"text-align: left;\">\n<h6 class=\"section-title\">Latest projects<\/h6>\n<ul class=\"projects-carousel clearfix\">\n<li><a href=\"https:\/\/www.aipdlivorno.org\/aipd\/?portfolio=portfolio-test\" title=\"Portfolio Test\"><img src=\"https:\/\/www.aipdlivorno.org\/aipd\/wp-content\/uploads\/2012\/12\/581494_3678728091843_540671012_n-220x140.jpg\" alt=\"\" title=\"\" class=\"entry-image attachment-post-thumbnail size-post-thumbnail wp-post-image\"><br \/>\n<h5 class=\"title\">Portfolio Test<\/h5>\n<p><span class=\"categories\"><\/span><\/a><\/li>\n<p><!-- end project --><\/ul>\n<p><!-- end .projects-carousel --><\/p>\n","protected":false},"excerpt":{"rendered":"<p>Perch\u00e9 educare all\u2019autonomia Tutto lo sviluppo e la crescita del bambino pu\u00f2 essere visto come un graduale passaggio dalla dipendenza verso l\u2019autonomia che diviene completa quando il bambino diviene adulto e cittadino a tutti gli effetti, soggetto e oggetto di&hellip;<\/p>\n","protected":false},"author":1,"featured_media":0,"parent":69,"menu_order":0,"comment_status":"open","ping_status":"open","template":"","meta":[],"_links":{"self":[{"href":"https:\/\/www.aipdlivorno.org\/aipd\/index.php?rest_route=\/wp\/v2\/pages\/71"}],"collection":[{"href":"https:\/\/www.aipdlivorno.org\/aipd\/index.php?rest_route=\/wp\/v2\/pages"}],"about":[{"href":"https:\/\/www.aipdlivorno.org\/aipd\/index.php?rest_route=\/wp\/v2\/types\/page"}],"author":[{"embeddable":true,"href":"https:\/\/www.aipdlivorno.org\/aipd\/index.php?rest_route=\/wp\/v2\/users\/1"}],"replies":[{"embeddable":true,"href":"https:\/\/www.aipdlivorno.org\/aipd\/index.php?rest_route=%2Fwp%2Fv2%2Fcomments&post=71"}],"version-history":[{"count":8,"href":"https:\/\/www.aipdlivorno.org\/aipd\/index.php?rest_route=\/wp\/v2\/pages\/71\/revisions"}],"predecessor-version":[{"id":159,"href":"https:\/\/www.aipdlivorno.org\/aipd\/index.php?rest_route=\/wp\/v2\/pages\/71\/revisions\/159"}],"up":[{"embeddable":true,"href":"https:\/\/www.aipdlivorno.org\/aipd\/index.php?rest_route=\/wp\/v2\/pages\/69"}],"wp:attachment":[{"href":"https:\/\/www.aipdlivorno.org\/aipd\/index.php?rest_route=%2Fwp%2Fv2%2Fmedia&parent=71"}],"curies":[{"name":"wp","href":"https:\/\/api.w.org\/{rel}","templated":true}]}}